{"id":6,"date":"2023-11-28T12:50:23","date_gmt":"2023-11-28T12:50:23","guid":{"rendered":"https:\/\/ravintoarvo.fi\/?page_id=6"},"modified":"2023-11-29T18:42:24","modified_gmt":"2023-11-29T18:42:24","slug":"etusivu","status":"publish","type":"page","link":"https:\/\/ravintoarvo.fi\/","title":{"rendered":"Etusivu"},"content":{"rendered":"\n<div class=\"wp-block-cover alignfull has-custom-content-position is-position-center-left\" style=\"padding-right:20vw;padding-left:8vw\"><span aria-hidden=\"true\" class=\"wp-block-cover__background has-background-dim-30 has-background-dim\"><\/span><img loading=\"lazy\" decoding=\"async\" width=\"2560\" height=\"1105\" class=\"wp-block-cover__image-background wp-image-26\" alt=\"\" src=\"https:\/\/ravintoarvo.fi\/wp-content\/uploads\/2023\/11\/AdobeStock_247848348-scaled.jpeg\" data-object-fit=\"cover\" srcset=\"https:\/\/ravintoarvo.fi\/wp-content\/uploads\/2023\/11\/AdobeStock_247848348-scaled.jpeg 2560w, https:\/\/ravintoarvo.fi\/wp-content\/uploads\/2023\/11\/AdobeStock_247848348-300x130.jpeg 300w, https:\/\/ravintoarvo.fi\/wp-content\/uploads\/2023\/11\/AdobeStock_247848348-1024x442.jpeg 1024w, https:\/\/ravintoarvo.fi\/wp-content\/uploads\/2023\/11\/AdobeStock_247848348-768x332.jpeg 768w, https:\/\/ravintoarvo.fi\/wp-content\/uploads\/2023\/11\/AdobeStock_247848348-1536x663.jpeg 1536w, https:\/\/ravintoarvo.fi\/wp-content\/uploads\/2023\/11\/AdobeStock_247848348-2048x884.jpeg 2048w\" sizes=\"auto, (max-width: 2560px) 100vw, 2560px\" \/><div class=\"wp-block-cover__inner-container has-global-padding is-layout-constrained wp-container-core-cover-is-layout-a46f6f14 wp-block-cover-is-layout-constrained\">\n<h2 class=\"wp-block-heading\">Ravintoarvo &#8211; blogi<\/h2>\n\n\n\n<p class=\"has-base-2-color has-text-color has-link-color wp-elements-3870858a5e0c28438ed9e1c2ba254bc0\">T\u00e4m\u00e4 on juuri perustettu sivusto, jonne rakennetaan ravintoon liittyv\u00e4\u00e4 blogia. Sis\u00e4lt\u00f6 tulee perustumaan virallisiin ravintosuosituksiin ja viimeisimpiin uutisiin ja tutkimustietoon. Blogin kirjoitus on tarkoitus aloittaa viimeist\u00e4\u00e4n tammikuussa 2024.<\/p>\n\n\n\n<p class=\"has-base-2-color has-text-color has-link-color wp-elements-ae5b51d26351aaacb1f51c2643fc5fad\"><strong>Palaathan takaisin silloin!<\/strong><\/p>\n\n\n\n<p class=\"has-text-align-center has-large-font-size\"><\/p>\n<\/div><\/div>\n\n\n\n<div style=\"height:27px\" aria-hidden=\"true\" class=\"wp-block-spacer\"><\/div>\n\n\n\n<div class=\"wp-block-columns alignwide is-layout-flex wp-container-core-columns-is-layout-28f84493 wp-block-columns-is-layout-flex\">\n<div class=\"wp-block-column is-layout-flow wp-block-column-is-layout-flow\" style=\"padding-right:var(--wp--preset--spacing--10);padding-left:var(--wp--preset--spacing--10);flex-basis:66.66%\">\n<div style=\"height:5px\" aria-hidden=\"true\" class=\"wp-block-spacer\"><\/div>\n\n\n\n<h1 class=\"wp-block-heading has-text-align-left has-text-color has-link-color has-x-large-font-size wp-elements-3b12c1344a73bd3a09308dfc4db213e5\" style=\"color:#2c6aa4\">Otsikko<\/h1>\n\n\n\n<p>Lorem ipsum dolor sit amet, no dolor invidunt inimicus ius, id periculis persecuti mei, his decore petentium ei. Vix blandit adolescens definitionem ut. Ne mei iusto tincidunt, tale fastidii eu eam. Sed ad aperiam volumus. Vivendum oportere inciderint mei ea, eu nam partem omittam definiebas, illum porro delenit et quo.<\/p>\n\n\n\n<p>Doming semper ancillae an eos, pro an libris viderer eloquentiam. Ex homero tincidunt delicatissimi nec, ne per volutpat accusamus, vim dolores adolescens constituto et. Decore possit iudicabit per an, ex etiam probatus qui. No postea legendos adversarium duo. Ex quo laoreet voluptaria, his id iusto dicit deterruisset.<\/p>\n<\/div>\n\n\n\n<div class=\"wp-block-column is-layout-flow wp-block-column-is-layout-flow\" style=\"flex-basis:33.33%\">\n<div style=\"height:7px\" aria-hidden=\"true\" class=\"wp-block-spacer\"><\/div>\n\n\n\n<h2 class=\"wp-block-heading has-medium-font-size\">Artikkelit<\/h2>\n\n\n\n<div class=\"wp-block-query is-layout-flow wp-block-query-is-layout-flow\"><ul class=\"wp-block-post-template is-layout-flow wp-container-core-post-template-is-layout-ea1fff98 wp-block-post-template-is-layout-flow\"><li class=\"wp-block-post post-1 post type-post status-publish format-standard hentry category-uncategorized\">\n<h2 style=\"font-size:clamp(0.984rem, 0.984rem + ((1vw - 0.2rem) * 0.86), 1.5rem);font-style:normal;font-weight:300;\" class=\"has-link-color wp-elements-3360e97e569a55798683e58d4055d0ba wp-block-post-title has-text-color has-contrast-2-color\"><a href=\"https:\/\/ravintoarvo.fi\/index.php\/2023\/11\/28\/hello-world\/\" target=\"_self\" >Hello world!<\/a><\/h2>\n\n<div class=\"wp-block-post-excerpt\"><p class=\"wp-block-post-excerpt__excerpt\">Welcome to WordPress. This is your first post. Edit or delete it, then start writing! <\/p><\/div>\n\n\n<hr class=\"wp-block-separator has-text-color has-contrast-3-color has-alpha-channel-opacity has-contrast-3-background-color has-background is-style-wide\"\/>\n\n\n<div class=\"wp-block-post-date\"><time datetime=\"2023-11-28T12:45:06+00:00\">28 marraskuun, 2023<\/time><\/div>\n<\/li><\/ul><\/div>\n<\/div>\n<\/div>\n","protected":false},"excerpt":{"rendered":"<p>Otsikko Lorem ipsum dolor sit amet, no dolor invidunt inimicus ius, id periculis persecuti mei, his decore petentium ei. Vix blandit adolescens definitionem ut. Ne mei iusto tincidunt, tale fastidii eu eam. Sed ad aperiam volumus. Vivendum oportere inciderint mei ea, eu nam partem omittam definiebas, illum porro delenit et quo. Doming semper ancillae an [&hellip;]<\/p>\n","protected":false},"author":1,"featured_media":0,"parent":0,"menu_order":0,"comment_status":"closed","ping_status":"closed","template":"page-no-title","meta":{"footnotes":""},"class_list":["post-6","page","type-page","status-publish","hentry"],"_links":{"self":[{"href":"https:\/\/ravintoarvo.fi\/index.php\/wp-json\/wp\/v2\/pages\/6","targetHints":{"allow":["GET"]}}],"collection":[{"href":"https:\/\/ravintoarvo.fi\/index.php\/wp-json\/wp\/v2\/pages"}],"about":[{"href":"https:\/\/ravintoarvo.fi\/index.php\/wp-json\/wp\/v2\/types\/page"}],"author":[{"embeddable":true,"href":"https:\/\/ravintoarvo.fi\/index.php\/wp-json\/wp\/v2\/users\/1"}],"replies":[{"embeddable":true,"href":"https:\/\/ravintoarvo.fi\/index.php\/wp-json\/wp\/v2\/comments?post=6"}],"version-history":[{"count":14,"href":"https:\/\/ravintoarvo.fi\/index.php\/wp-json\/wp\/v2\/pages\/6\/revisions"}],"predecessor-version":[{"id":47,"href":"https:\/\/ravintoarvo.fi\/index.php\/wp-json\/wp\/v2\/pages\/6\/revisions\/47"}],"wp:attachment":[{"href":"https:\/\/ravintoarvo.fi\/index.php\/wp-json\/wp\/v2\/media?parent=6"}],"curies":[{"name":"wp","href":"https:\/\/api.w.org\/{rel}","templated":true}]}}